{"id":18,"date":"2024-09-25T14:26:10","date_gmt":"2024-09-25T12:26:10","guid":{"rendered":"https:\/\/gorymiechowskie.pl\/?page_id=18"},"modified":"2024-09-25T14:26:10","modified_gmt":"2024-09-25T12:26:10","slug":"kontakt","status":"publish","type":"page","link":"https:\/\/gorymiechowskie.pl\/?page_id=18","title":{"rendered":"Kontakt"},"content":{"rendered":"\n<p>Strona z podstawowymi informacjami kontaktowymi, takimi jak adres, numer telefonu. Mo\u017cna tak\u017ce spr\u00f3bowa\u0107 wtyczki, za pomoc\u0105 kt\u00f3rej dodamy formularz kontaktowy.<\/p>\n","protected":false},"excerpt":{"rendered":"<p>Strona z podstawowymi informacjami kontaktowymi, takimi jak adres, numer telefonu. Mo\u017cna tak\u017ce spr\u00f3bowa\u0107 wtyczki, za pomoc\u0105 kt\u00f3rej dodamy formularz kontaktowy.<\/p>\n","protected":false},"author":1,"featured_media":0,"parent":0,"menu_order":0,"comment_status":"closed","ping_status":"closed","template":"","meta":{"footnotes":""},"class_list":["post-18","page","type-page","status-publish","hentry"],"_links":{"self":[{"href":"https:\/\/gorymiechowskie.pl\/index.php?rest_route=\/wp\/v2\/pages\/18","targetHints":{"allow":["GET"]}}],"collection":[{"href":"https:\/\/gorymiechowskie.pl\/index.php?rest_route=\/wp\/v2\/pages"}],"about":[{"href":"https:\/\/gorymiechowskie.pl\/index.php?rest_route=\/wp\/v2\/types\/page"}],"author":[{"embeddable":true,"href":"https:\/\/gorymiechowskie.pl\/index.php?rest_route=\/wp\/v2\/users\/1"}],"replies":[{"embeddable":true,"href":"https:\/\/gorymiechowskie.pl\/index.php?rest_route=%2Fwp%2Fv2%2Fcomments&post=18"}],"version-history":[{"count":1,"href":"https:\/\/gorymiechowskie.pl\/index.php?rest_route=\/wp\/v2\/pages\/18\/revisions"}],"predecessor-version":[{"id":23,"href":"https:\/\/gorymiechowskie.pl\/index.php?rest_route=\/wp\/v2\/pages\/18\/revisions\/23"}],"wp:attachment":[{"href":"https:\/\/gorymiechowskie.pl\/index.php?rest_route=%2Fwp%2Fv2%2Fmedia&parent=18"}],"curies":[{"name":"wp","href":"https:\/\/api.w.org\/{rel}","templated":true}]}}